{"id":984,"date":"2019-09-14T22:16:18","date_gmt":"2019-09-14T20:16:18","guid":{"rendered":"http:\/\/www.la-petite-vigne.fr\/index.php\/?page_id=984"},"modified":"2026-04-13T10:34:08","modified_gmt":"2026-04-13T08:34:08","slug":"accueil","status":"publish","type":"page","link":"https:\/\/www.la-petite-vigne.fr\/index.php\/","title":{"rendered":"Accueil"},"content":{"rendered":"<div style=\"color: #5f8e06; font-size: 20px;\"><center><strong>A venir &#8230; \u00e0 la PETITE VIGNE &#8230;<\/strong><\/center><\/div>\n<p><\/br> <\/p>\n<div style=\"color: #ffca14; font-size: 20px;\"><center><strong>Rendez-vous le 28 avril 2026 de 20h \u00e0 22h \u00e0 la salle culturelle de Bennwihr<\/strong><\/center><\/div>\n<p><\/br><br \/>\n<img loading=\"lazy\" decoding=\"async\" class=\"size-full wp-image-1150 aligncenter\" src=\"https:\/\/www.la-petite-vigne.fr\/wp-content\/uploads\/2026\/03\/Flyer.jpg\" alt=\"\" width=\"400\" height=\"300\" \/><br \/>\n<\/br><br \/>\n<img loading=\"lazy\" decoding=\"async\" class=\"size-full wp-image-1150 aligncenter\" src=\"https:\/\/www.la-petite-vigne.fr\/wp-content\/uploads\/2019\/09\/Feuilles-de-vignes_1.png\" alt=\"\" width=\"160\" height=\"42\" \/><br \/>\n<\/br><\/p>\n<div style=\"color: #5f8e06; font-size: 20px;\"><center><\/center><center><strong><a href=\"https:\/\/www.la-petite-vigne.fr\/wp-content\/uploads\/2025\/11\/Plaquette-2025-2026.pdf\" target=\"_blank\" rel=\"noopener\">Programme de formation 2025 \/ 2026<\/a> <\/strong><\/center><\/p>\n<h3><\/h3>\n<\/div>\n<div style=\"color: #5f8e06; font-size: 20px;\"><center><a href=\"https:\/\/www.la-petite-vigne.fr\/wp-content\/uploads\/2025\/11\/Plaquette-2025-2026.pdf\" target=\"_blank\" rel=\"noopener\"><img loading=\"lazy\" decoding=\"async\" class=\"aligncenter wp-image-2966 size-medium\" src=\"https:\/\/www.la-petite-vigne.fr\/wp-content\/uploads\/2025\/11\/Image-plaquette-2025-2026.jpg\" alt=\"\" width=\"145\" height=\"300\" \/><\/a><\/center><\/div>\n<div style=\"color: #ffffff; font-size: 20px;\"><\/div>\n","protected":false},"excerpt":{"rendered":"<p>A venir &#8230; \u00e0 la PETITE VIGNE &#8230; Rendez-vous le 28 avril 2026 de 20h \u00e0 22h \u00e0 la salle culturelle de Bennwihr Programme de formation 2025 \/ 2026<\/p>\n","protected":false},"author":12,"featured_media":1664,"parent":0,"menu_order":0,"comment_status":"closed","ping_status":"closed","template":"","meta":{"_EventAllDay":false,"_EventTimezone":"","_EventStartDate":"","_EventEndDate":"","_EventStartDateUTC":"","_EventEndDateUTC":"","_EventShowMap":false,"_EventShowMapLink":false,"_EventURL":"","_EventCost":"","_EventCostDescription":"","_EventCurrencySymbol":"","_EventCurrencyCode":"","_EventCurrencyPosition":"","_EventDateTimeSeparator":"","_EventTimeRangeSeparator":"","_EventOrganizerID":[],"_EventVenueID":[],"_OrganizerEmail":"","_OrganizerPhone":"","_OrganizerWebsite":"","_VenueAddress":"","_VenueCity":"","_VenueCountry":"","_VenueProvince":"","_VenueState":"","_VenueZip":"","_VenuePhone":"","_VenueURL":"","_VenueStateProvince":"","_VenueLat":"","_VenueLng":"","_VenueShowMap":false,"_VenueShowMapLink":false,"footnotes":""},"class_list":["post-984","page","type-page","status-publish","has-post-thumbnail","hentry"],"_links":{"self":[{"href":"https:\/\/www.la-petite-vigne.fr\/index.php\/wp-json\/wp\/v2\/pages\/984","targetHints":{"allow":["GET"]}}],"collection":[{"href":"https:\/\/www.la-petite-vigne.fr\/index.php\/wp-json\/wp\/v2\/pages"}],"about":[{"href":"https:\/\/www.la-petite-vigne.fr\/index.php\/wp-json\/wp\/v2\/types\/page"}],"author":[{"embeddable":true,"href":"https:\/\/www.la-petite-vigne.fr\/index.php\/wp-json\/wp\/v2\/users\/12"}],"replies":[{"embeddable":true,"href":"https:\/\/www.la-petite-vigne.fr\/index.php\/wp-json\/wp\/v2\/comments?post=984"}],"version-history":[{"count":523,"href":"https:\/\/www.la-petite-vigne.fr\/index.php\/wp-json\/wp\/v2\/pages\/984\/revisions"}],"predecessor-version":[{"id":3495,"href":"https:\/\/www.la-petite-vigne.fr\/index.php\/wp-json\/wp\/v2\/pages\/984\/revisions\/3495"}],"wp:featuredmedia":[{"embeddable":true,"href":"https:\/\/www.la-petite-vigne.fr\/index.php\/wp-json\/wp\/v2\/media\/1664"}],"wp:attachment":[{"href":"https:\/\/www.la-petite-vigne.fr\/index.php\/wp-json\/wp\/v2\/media?parent=984"}],"curies":[{"name":"wp","href":"https:\/\/api.w.org\/{rel}","templated":true}]}}