{"id":59,"date":"2017-07-24T22:11:15","date_gmt":"2017-07-24T20:11:15","guid":{"rendered":"http:\/\/www.la-petite-vigne.fr\/index.php\/?page_id=59"},"modified":"2022-05-16T11:29:19","modified_gmt":"2022-05-16T09:29:19","slug":"le-journal-relais-de-la-ruche-bourdonnante","status":"publish","type":"page","link":"https:\/\/www.la-petite-vigne.fr\/index.php\/le-journal-relais-de-la-ruche-bourdonnante\/","title":{"rendered":"Le Journal"},"content":{"rendered":"<p>Les activit\u00e9s, les rencontres, les projets sont en perp\u00e9tuelle effervescence \u00e0 La Petite Vigne. Pour permettre aux uns et aux autres d\u2019\u00eatre inform\u00e9s de tout ce qui se passe, nous avons con\u00e7u un petit journal qui sort 2 ou 3 fois par an. Il retrace les temps forts qui marquent la vie de l\u2019association. N\u2019h\u00e9sitez pas \u00e0 consulter les derniers num\u00e9ros.<\/p>\n<p><strong><a style=\"color: #008000;\" href=\"http:\/\/www.la-petite-vigne.fr\/wp-content\/uploads\/2022\/05\/2022_Mai_N%C2%B044.pdf\" target=\"_blank\" rel=\"noopener noreferrer\">n\u00b0 44 &#8211; Mai 2022<\/a><\/strong><\/p>\n<p><strong><a style=\"color: #008000;\" href=\"http:\/\/www.la-petite-vigne.fr\/wp-content\/uploads\/2022\/01\/2022_Janvier_N\u00b043.pdf\" target=\"_blank\" rel=\"noopener noreferrer\">n\u00b0 43 &#8211; Janvier 2022<\/a><\/strong><\/p>\n<p><strong><a style=\"color: #008000;\" href=\"http:\/\/www.la-petite-vigne.fr\/wp-content\/uploads\/2021\/09\/2021_Septembre_N\u00b042.pdf\" target=\"_blank\" rel=\"noopener noreferrer\">n\u00b0 42 &#8211; Septembre 2021<\/a><\/strong><\/p>\n<p><strong><a style=\"color: #008000;\" href=\"http:\/\/www.la-petite-vigne.fr\/wp-content\/uploads\/2020\/09\/La-Petite-Vigne-Journal-41.pdf\" target=\"_blank\" rel=\"noopener noreferrer\">n\u00b0 41 &#8211; Septembre 2020<\/a><\/strong><\/p>\n<p><a href=\"http:\/\/www.la-petite-vigne.fr\/wp-content\/uploads\/2018\/09\/septembre2018.pdf\" target=\"_blank\" rel=\"noopener noreferrer\"><strong><span style=\"color: #008000;\">n\u00b0 40 &#8211; Septembre 2018<\/span><\/strong><\/a><span style=\"color: #008000;\">&nbsp; &nbsp;&nbsp; &nbsp;&nbsp; &nbsp;&nbsp;<a style=\"color: #008000;\" href=\"http:\/\/www.la-petite-vigne.fr\/wp-content\/uploads\/2018\/07\/mai2018.pdf\" target=\"_blank\" rel=\"noopener noreferrer\"><strong>n\u00b0 39 &#8211; Mai 2018<\/strong><\/a><strong> &nbsp; &nbsp; &nbsp; &nbsp; <a style=\"color: #008000;\" href=\"http:\/\/www.la-petite-vigne.fr\/wp-content\/uploads\/2018\/01\/janvier2018.pdf\" target=\"_blank\" rel=\"noopener noreferrer\">n\u00b0 38 &#8211; Janvier 2018<\/a><\/strong><\/span><\/p>\n<p><a href=\"http:\/\/www.la-petite-vigne.fr\/wp-content\/uploads\/2017\/08\/30sept.pdf\" target=\"_blank\" rel=\"noopener noreferrer\"><span style=\"color: #008000;\"><strong>n\u00b0 37 &#8211; Septembre 20<span style=\"color: #008000;\">1<\/span><\/strong><\/span><\/a><span style=\"color: #008000;\"><strong>7&nbsp; &nbsp; &nbsp; &nbsp; &nbsp; <span style=\"color: #008000;\"><a style=\"color: #008000;\" href=\"http:\/\/www.la-petite-vigne.fr\/wp-content\/uploads\/2017\/07\/juin2017.pdf\" target=\"_blank\" rel=\"noopener noreferrer\">n\u00b0 36 &#8211; Juin 2017 <\/a><\/span><\/strong><\/span><\/p>\n<p><span style=\"color: #008000;\"><a style=\"color: #008000;\" href=\"http:\/\/www.la-petite-vigne.fr\/wp-content\/uploads\/2017\/07\/septembre2016.pdf\" target=\"_blank\" rel=\"noopener noreferrer\"><strong>n\u00b0 3<\/strong><strong>5 &#8211; Septembre 2016<\/strong><\/a><\/span><\/p>\n<p><strong><span style=\"color: #008000;\"><a style=\"color: #008000;\" href=\"http:\/\/www.la-petite-vigne.fr\/wp-content\/uploads\/2017\/07\/septembre2015.pdf\" target=\"_blank\" rel=\"noopener noreferrer\">n\u00b0 33 &#8211; Septembre 2015<\/a>&nbsp; &nbsp; &nbsp; &nbsp; &nbsp; <a style=\"color: #008000;\" href=\"http:\/\/www.la-petite-vigne.fr\/wp-content\/uploads\/2017\/07\/mai2015.pdf\" target=\"_blank\" rel=\"noopener noreferrer\">n\u00b0 32 &#8211; Mai 2015<\/a><\/span><\/strong><\/p>\n<p><a href=\"http:\/\/www.la-petite-vigne.fr\/wp-content\/uploads\/2017\/07\/septembre2014.pdf\" target=\"_blank\" rel=\"noopener noreferrer\"><strong><span style=\"color: #008000;\">n\u00b0 31 &#8211; Septembre 2014<\/span><\/strong><\/a><\/p>\n<p><strong><span style=\"color: #008000;\"><a style=\"color: #008000;\" href=\"http:\/\/www.la-petite-vigne.fr\/wp-content\/uploads\/2017\/07\/septembre2013.pdf\" target=\"_blank\" rel=\"noopener noreferrer\">n\u00b0 29 &#8211; Septembre 2013<\/a><\/span><\/strong><\/p>\n<p><a href=\"http:\/\/www.la-petite-vigne.fr\/wp-content\/uploads\/2017\/07\/septembre2012.pdf\" target=\"_blank\" rel=\"noopener noreferrer\"><span style=\"color: #008000;\"><strong>n\u00b0 27 &#8211; Septembre 2012<\/strong><\/span><\/a><\/p>\n<p><a href=\"http:\/\/www.la-petite-vigne.fr\/wp-content\/uploads\/2017\/07\/septembre2011.pdf\" target=\"_blank\" rel=\"noopener noreferrer\"><span style=\"color: #008000;\"><strong>n\u00b0 25 &#8211; Septembre 2011<\/strong><\/span><\/a><\/p>\n<p><strong><span style=\"color: #008000;\"><a style=\"color: #008000;\" href=\"http:\/\/www.la-petite-vigne.fr\/wp-content\/uploads\/2017\/07\/septembre2009.pdf\" target=\"_blank\" rel=\"noopener noreferrer\">n\u00b0 21 &#8211; Septembre 2009<\/a><\/span><\/strong><\/p>\n<p><strong><span style=\"color: #008000;\"><a style=\"color: #008000;\" href=\"http:\/\/www.la-petite-vigne.fr\/wp-content\/uploads\/2017\/07\/septembre2008.pdf\" target=\"_blank\" rel=\"noopener noreferrer\">n\u00b0 19 &#8211; Septembre 2008<\/a><\/span><\/strong><\/p>\n<p><\/p>\n<p><\/p>\n<p><\/p>\n\n\n<p><br><\/p>\n","protected":false},"excerpt":{"rendered":"<p>Les activit\u00e9s, les rencontres, les projets sont en perp\u00e9tuelle effervescence \u00e0 La Petite Vigne. Pour permettre aux uns et aux autres d\u2019\u00eatre inform\u00e9s de tout ce qui se passe, nous avons con\u00e7u un petit journal qui sort 2 ou 3 &hellip; <a href=\"https:\/\/www.la-petite-vigne.fr\/index.php\/le-journal-relais-de-la-ruche-bourdonnante\/\">Continuer la lecture <span class=\"meta-nav\">&rarr;<\/span><\/a><\/p>\n","protected":false},"author":1,"featured_media":0,"parent":0,"menu_order":0,"comment_status":"closed","ping_status":"closed","template":"","meta":{"_EventAllDay":false,"_EventTimezone":"","_EventStartDate":"","_EventEndDate":"","_EventStartDateUTC":"","_EventEndDateUTC":"","_EventShowMap":false,"_EventShowMapLink":false,"_EventURL":"","_EventCost":"","_EventCostDescription":"","_EventCurrencySymbol":"","_EventCurrencyCode":"","_EventCurrencyPosition":"","_EventDateTimeSeparator":"","_EventTimeRangeSeparator":"","_EventOrganizerID":[],"_EventVenueID":[],"_OrganizerEmail":"","_OrganizerPhone":"","_OrganizerWebsite":"","_VenueAddress":"","_VenueCity":"","_VenueCountry":"","_VenueProvince":"","_VenueState":"","_VenueZip":"","_VenuePhone":"","_VenueURL":"","_VenueStateProvince":"","_VenueLat":"","_VenueLng":"","_VenueShowMap":false,"_VenueShowMapLink":false,"footnotes":""},"class_list":["post-59","page","type-page","status-publish","hentry"],"_links":{"self":[{"href":"https:\/\/www.la-petite-vigne.fr\/index.php\/wp-json\/wp\/v2\/pages\/59","targetHints":{"allow":["GET"]}}],"collection":[{"href":"https:\/\/www.la-petite-vigne.fr\/index.php\/wp-json\/wp\/v2\/pages"}],"about":[{"href":"https:\/\/www.la-petite-vigne.fr\/index.php\/wp-json\/wp\/v2\/types\/page"}],"author":[{"embeddable":true,"href":"https:\/\/www.la-petite-vigne.fr\/index.php\/wp-json\/wp\/v2\/users\/1"}],"replies":[{"embeddable":true,"href":"https:\/\/www.la-petite-vigne.fr\/index.php\/wp-json\/wp\/v2\/comments?post=59"}],"version-history":[{"count":19,"href":"https:\/\/www.la-petite-vigne.fr\/index.php\/wp-json\/wp\/v2\/pages\/59\/revisions"}],"predecessor-version":[{"id":2370,"href":"https:\/\/www.la-petite-vigne.fr\/index.php\/wp-json\/wp\/v2\/pages\/59\/revisions\/2370"}],"wp:attachment":[{"href":"https:\/\/www.la-petite-vigne.fr\/index.php\/wp-json\/wp\/v2\/media?parent=59"}],"curies":[{"name":"wp","href":"https:\/\/api.w.org\/{rel}","templated":true}]}}