{"id":55,"date":"2017-07-24T21:53:00","date_gmt":"2017-07-24T19:53:00","guid":{"rendered":"http:\/\/www.la-petite-vigne.fr\/index.php\/?page_id=55"},"modified":"2017-07-24T21:53:00","modified_gmt":"2017-07-24T19:53:00","slug":"les-jeunes","status":"publish","type":"page","link":"https:\/\/www.la-petite-vigne.fr\/index.php\/les-jeunes\/","title":{"rendered":"Les jeunes"},"content":{"rendered":"<p>La petite Vigne accueille depuis quelques temps des \u00e9quipes de jeunes du MRJC qui se rencontrent tous les mois pour \u00e9changer, approfondir des th\u00e9matiques et passer \u00e0 l&rsquo;action. Vous avez peut-\u00eatre d\u00e9j\u00e0 particip\u00e9 \u00e0 l&rsquo;un de leur projet en achetant des biscuits de No\u00ebl ou en allant \u00e0 une messe de pr\u00e9sentation de ces \u00e9quipes.<\/p>\n<p>La Petite Vigne est aussi un lieu de rencontre pour le MRJC Alsace, qui organise des week-ends de formation \u00e0 destination des jeunes adultes. Elle apporte son soutien au mouvement dans la mobilisation. Ainsi, la Petite Vigne est un relais entre les jeunes et les diff\u00e9rents mouvements de jeunes qui existent dans la zone de Colmar.<\/p>\n<p><strong>T\u00e9moignages des Jeunes partis au Togo en ao\u00fbt 2014 :<\/strong><!--more--><\/p>\n<p><em>Sans parler comme un ancien combattant, j&rsquo;ai d\u00e9j\u00e0 une certaine exp\u00e9rience des voyages et des rencontres inter-culturelles. Mais je dois dire que ce s\u00e9jour au Togo m&rsquo;a enthousiasm\u00e9. Le fait d&rsquo;abord d&rsquo;\u00eatre accueilli par Jos\u00e9e a donn\u00e9 d\u00e8s le d\u00e9part une impulsion d\u00e9terminante \u00e0 notre projet. Je n&rsquo;ai pas assez de mots pour lui dire toute ma reconnaissance. L&rsquo;insertion par notre travail d&rsquo;animation a \u00e9t\u00e9 la meilleure entr\u00e9e possible pour entrer vraiment dans un \u00e9change avec les Togolais. La rigueur du suivi du projet, notamment par Gene, nous a permis de fixer et de garder le cap tout au long du s\u00e9jour. Cette exp\u00e9rience de non-retour positif que nous avons tous v\u00e9cue sera essentielle pour la suite de notre parcours (m\u00eame pour un vieil ours comme moi). J&rsquo;ai \u00e9t\u00e9 impressionn\u00e9 par l&rsquo;investissement et le quasi professionnalisme de notre groupe de jeunes. La prise en charge des groupes d&rsquo;enfants s&rsquo;est faite de fa\u00e7on vraiment optimum. Le rayonnement des s\u0153urs et de Jos\u00e9e, leur engagement et leur capacit\u00e9 \u00e0 donner de leur personne m&rsquo;ont questionn\u00e9. Ils m&rsquo;ont motiv\u00e9 \u00e0 aller toujours plus au devant des autres et particuli\u00e8rement des autres diff\u00e9rents. <\/em><br \/>\n<em>Mon sac est quasiment boucl\u00e9 pour le prochain d\u00e9part. <\/em><\/p>\n<p><em>Amiti\u00e9s. Bernard Eichholtzer<\/em><\/p>\n<p style=\"text-align: right;\"><em>Cela fait bient\u00f4t 2 mois que nous sommes revenus du Togo et le souvenir de ce voyage est toujours aussi fort. Ce s\u00e9jour a \u00e9t\u00e9 tr\u00e8s enrichissant et nous en avons pris plein les yeux, que \u00e7a soit pour la culture, les rencontres, les paysages, les promenades dans Kara, les activit\u00e9s au village, les excursions du week-end\u2026<\/em><br \/>\n<em>M\u00eame si notre rythme de vie \u00e9tait \u00e9prouvant (activit\u00e9s toute la journ\u00e9e, climat chaud et humide, bruits la nuit et chant du cop au r\u00e9veil), nous avons tout fait pour nous adapter du mieux que nous pouvions pour passer un s\u00e9jour agr\u00e9able et riche en d\u00e9couvertes.<\/em><br \/>\n<em>Les activit\u00e9s avec les jeunes se sont pass\u00e9es comme je l&rsquo;esp\u00e9rais. Avec l&rsquo;aide des instituteurs du village, mais aussi de Fran\u00e7ois, J\u00e9r\u00f4me et Boris, nous avons pu prendre plaisir \u00e0 encadrer les jeunes. Les souvenirs qui m&rsquo;ont le plus marqu\u00e9 avec les jeunes sont les parties de poule-renard-vip\u00e8re, les chants, le match de foot jou\u00e9 contre l&rsquo;\u00e9quipe locale et bien s\u00fbr le spectacle final.<\/em><br \/>\n<em>Ces 3 semaines intenses n&rsquo;auraient pas \u00e9t\u00e9 g\u00e9niales sans les bons plats pr\u00e9par\u00e9s par Cyprien et par le dynamisme \u00e0 toute \u00e9preuve de Sr Jos\u00e9e. Ce s\u00e9jour a \u00e9t\u00e9 pour moi une exp\u00e9rience forte qui me marquera pour tr\u00e8s longtemps ! <\/em><\/p>\n<p style=\"text-align: right;\"><em>R\u00e9my Eichholtzer<\/em><\/p>\n<p style=\"text-align: left;\"><em>Je trouve qu&rsquo;il est difficile de d\u00e9finir ce que l&rsquo;on ressent apr\u00e8s une telle exp\u00e9rience. Le voyage au Togo change la vie. Ce voyage f\u00fbt tr\u00e8s enrichissant de pleines de mani\u00e8res diff\u00e9rentes. D\u00e9j\u00e0, partager le voyage avec ce groupe m&rsquo;a rempli de joie, de plus les rencontres faites l\u00e0-bas sont inoubliables, que ce soient celles avec les enfants, les jeunes comme J\u00e9r\u00f4me et Fran\u00e7ois et les adultes : les instituteurs, S\u00e9da, et surtout S\u0153ur Jos\u00e9e qui nous a si bien re\u00e7us pendant ces trois semaines ! Il y a eu tellement de bons moments dans ce voyage : Partager des moments avec les enfants, leur apprendre de nombreuses choses et les voir s&rsquo;amuser ! Les visites aussi \u00e9taient super que ce soient les tisserandes, le forgeron, les exploitations agricoles. Toutes ces visites nous ont appris \u00e9norm\u00e9ment de choses. Gr\u00e2ce au temps pass\u00e9 avec les jeunes de notre \u00e2ge, j&rsquo;ai pu me rendre compte de la chance que j&rsquo;avais de vivre comme je le fais ! Ce voyage m&rsquo;a clairement ouvert les yeux et j&rsquo;en reviens chang\u00e9e sur pleins de points. <\/em><\/p>\n<p style=\"text-align: left;\"><em>M\u00e9lanie Erb<\/em><\/p>\n<p style=\"text-align: right;\"><em>Apr\u00e8s trois merveilleuses semaines d&rsquo;animation et de d\u00e9couverte du Togo, voici le temps du bilan.<\/em><br \/>\n<em>Quelle aventure ! Que ce soit au village SOS avec les enfants, ou en dehors \u00e0 la d\u00e9couverte d&rsquo;un nouveau pays, ce voyage au Togo fut pour moi L&rsquo;EXPERIENCE\u2026Au village d&rsquo;enfants, l&rsquo;enthousiasme \u00e9tait au rendez-vous \u00e0 chaque activit\u00e9, avec une mention pour les \u00e9checs qui ont remport\u00e9s un franc succ\u00e8s aupr\u00e8s des plus grands. Ce fut d&rsquo;ailleurs un plaisir de voir les progr\u00e8s r\u00e9alis\u00e9s, apr\u00e8s seulement trois semaines d&rsquo;apprentissages !<\/em><\/p>\n<p style=\"text-align: right;\"><em>d&rsquo;un mode de vie. Une vie qui s&rsquo;organise la plupart du temps au bord des routes, lieu de rencontre privil\u00e9gi\u00e9 pour acheter et vendre les objets du quotidien.<\/em><br \/>\n<em>Une vie de communaut\u00e9. Que ce soit dans notre groupe, chez les s\u0153urs, au village d&rsquo;enfants ou dans des villages plus \u00e9loign\u00e9s. Au Togo, le vivre ensemble fait partie du quotidien et c&rsquo;est dans cet esprit que les mots, partage et g\u00e9n\u00e9rosit\u00e9 ont pris pour nous une signification plus africaine ! A cela s&rsquo;ajoute aussi notre belle collaboration avec les enseignants du village. Pr\u00e9sents tout au long du s\u00e9jour, ils ont \u00e9t\u00e9 d&rsquo;une aide pr\u00e9cieuse dans l&rsquo;\u00e9quipe d&rsquo;animation ! du syst\u00e8me D. Forger des outils \u00e0 partir de gentes de voitures, transporter un z\u00e9bu dans le coffre d&rsquo;une voiture, r\u00e9utiliser les motos et deux-roues que les Occidentaux n&rsquo;utilisent plus depuis belle lurette, tant de choses qui nous ont rendus plus attentifs sur des sujets comme le devenir des d\u00e9chets, la dur\u00e9e de vie de nos objets de consommation, (\u2026) .<\/em><\/p>\n<p style=\"text-align: right;\"><em>D&rsquo;un rythme nouveau. Commen\u00e7ant le matin t\u00f4t par la succession mu\u00e9zin, coq, mu\u00e9zin, cloches, j&rsquo;avais l&rsquo;impression d&rsquo;un fourmillement incessant ! Cependant, en y regardant de plus pr\u00e8s, on se rend compte que contrairement \u00e0 chez nous, les Togolais savent prendre le temps de prendre le temps ! Que ce soit pour nous montrer le fonctionnement d&rsquo;un jardin biologique, nous faire une d\u00e9monstration de forge ou encore pour nous rassurer de l&rsquo;impressionnant march\u00e9 de Lom\u00e9, j&rsquo;ai \u00e9t\u00e9 tr\u00e8s surpris de la disponibilit\u00e9 et de la gentillesse des personnes que nous avons rencontr\u00e9es.<\/em><\/p>\n<p style=\"text-align: right;\"><em>des moyens de locomotion. A pieds au grand march\u00e9 de Lom\u00e9, en taxi moto \u00e0 Kara ou en minibus pour la majorit\u00e9 de nos escapades, au Togo, chaque trajet est une aventure ! A cela s&rsquo;ajoutent des paysages verdoyants (quand la fum\u00e9e noire des \u00a0\u00bb titans \u00a0\u00bb ne se m\u00eale au spectacle !), m\u00e9lange de terres agricoles et d&rsquo;espaces pr\u00e9serv\u00e9s.<\/em><\/p>\n<p style=\"text-align: right;\"><em>de la r\u00e9flexion sur notre mode de vie. Pour la petite anecdote, la premi\u00e8re question que je me suis pos\u00e9e en arrivant au Togo \u00e9tait port\u00e9e sur la localisation de la poubelle la plus proche pour vider mes poches\u2026banal me diriez-vous ! En r\u00e9alit\u00e9, la r\u00e9ponse n&rsquo;\u00e9tait pas si \u00e9vidente, car je n&rsquo;en ai pas trouv\u00e9e ! Les petits feux nocturnes au bord des routes m&rsquo;ont donn\u00e9 une partie de la r\u00e9ponse (incin\u00e9ration). Cependant, c&rsquo;est le lendemain, quand j&rsquo;ai vu le vent emporter des dizaines de sachets plastiques, que j&rsquo;ai compris que le ramassage et le tri des d\u00e9chets n&rsquo;est finalement pas si \u00e9vident pour tous.<\/em><\/p>\n<p style=\"text-align: right;\"><em>Ajoutez \u00e0 cela quelques probl\u00e8mes intestinaux et un soup\u00e7on de propagande, vous obtiendrez un aper\u00e7u de ce merveilleux voyage au Togo !<\/em><\/p>\n<p style=\"text-align: right;\"><em>Un merci particulier,<\/em><br \/>\n<em>A s\u0153ur Jos\u00e9e et ses cons\u0153urs de la Divine Providence de Ribeauvill\u00e9 \u00e0 Kara pour leur accueil et leur joie de vivre sur place !<\/em><br \/>\n<em>Aux enseignants (Nathalie, Fanik, Os\u00e9e et Paulin) , aux chauffeurs et \u00e0 la direction du village d&rsquo;enfants de nous avoir permis de r\u00e9aliser ce projet d&rsquo;une part, et de nous avoir soutenus d&rsquo;autre part. <\/em><br \/>\n<em>Aux enfants pour leur pr\u00e9sence et leur enthousiasme !<\/em><br \/>\n<em>A Cyprien pour la d\u00e9licieuse (et copieuse) cuisine. <\/em><br \/>\n<em>A J\u00e9r\u00f4me, Fran\u00e7ois et Boris, pour leur aide au village d&rsquo;enfant !<\/em><br \/>\n<em>A S\u00e9da pour sa disponibilit\u00e9 et sa g\u00e9n\u00e9rosit\u00e9 !<\/em><br \/>\n<em>A M.Nab\u00e9d\u00e9 \u00e0 l&rsquo;a\u00e9roport.<\/em><br \/>\n<em>A toute l&rsquo;\u00e9quipe et en particulier \u00e0 Gene pour l&rsquo;\u00e9nergie investie dans ce projet depuis trois ans maintenant !<\/em><br \/>\n<em>A vous tous qui de pr\u00e8s ou de loin, avez apport\u00e9 votre soutien dans ce projet !<\/em><\/p>\n<p style=\"text-align: right;\"><em>Guillaume Georg<\/em><\/p>\n<p style=\"text-align: left;\"><em>Ce voyage a \u00e9t\u00e9 une exp\u00e9rience g\u00e9niale et unique pour moi et il m&rsquo;a beaucoup apport\u00e9. Au d\u00e9but, j&rsquo;\u00e9tais un peu angoiss\u00e9e car je n&rsquo;\u00e9tais jamais partie aussi loin de chez moi.<\/em><br \/>\n<em>Quand nous sommes arriv\u00e9s, tout m&rsquo;a paru irr\u00e9el le premier jour. C&rsquo;\u00e9tait comme regarder un documentaire, je n&rsquo;arrivais pas \u00e0 me rendre compte que j&rsquo;y \u00e9tais vraiment ! Tout \u00e9tait tellement d\u00e9paysant que je ne peux m\u00eame pas comparer avec ici.<\/em><br \/>\n<em>Les activit\u00e9s avec les enfants \u00e9taient vraiment g\u00e9niales, leur \u00e9nergie et leur enthousiasme donnaient envie de se d\u00e9passer pour qu&rsquo;ils s&rsquo;amusent. Et leurs sourires \u00e9taient une super r\u00e9compense.<\/em><br \/>\n<em>C&rsquo;est vraiment un excellent souvenir qui donne envie de recommencer et de repartir encore ! <\/em><\/p>\n<p style=\"text-align: left;\"><em>Am\u00e9lie Clerc<\/em><\/p>\n","protected":false},"excerpt":{"rendered":"<p>La petite Vigne accueille depuis quelques temps des \u00e9quipes de jeunes du MRJC qui se rencontrent tous les mois pour \u00e9changer, approfondir des th\u00e9matiques et passer \u00e0 l&rsquo;action. Vous avez peut-\u00eatre d\u00e9j\u00e0 particip\u00e9 \u00e0 l&rsquo;un de leur projet en achetant &hellip; <a href=\"https:\/\/www.la-petite-vigne.fr\/index.php\/les-jeunes\/\">Continuer la lecture <span class=\"meta-nav\">&rarr;<\/span><\/a><\/p>\n","protected":false},"author":1,"featured_media":0,"parent":0,"menu_order":0,"comment_status":"closed","ping_status":"closed","template":"","meta":{"_EventAllDay":false,"_EventTimezone":"","_EventStartDate":"","_EventEndDate":"","_EventStartDateUTC":"","_EventEndDateUTC":"","_EventShowMap":false,"_EventShowMapLink":false,"_EventURL":"","_EventCost":"","_EventCostDescription":"","_EventCurrencySymbol":"","_EventCurrencyCode":"","_EventCurrencyPosition":"","_EventDateTimeSeparator":"","_EventTimeRangeSeparator":"","_EventOrganizerID":[],"_EventVenueID":[],"_OrganizerEmail":"","_OrganizerPhone":"","_OrganizerWebsite":"","_VenueAddress":"","_VenueCity":"","_VenueCountry":"","_VenueProvince":"","_VenueState":"","_VenueZip":"","_VenuePhone":"","_VenueURL":"","_VenueStateProvince":"","_VenueLat":"","_VenueLng":"","_VenueShowMap":false,"_VenueShowMapLink":false,"footnotes":""},"class_list":["post-55","page","type-page","status-publish","hentry"],"_links":{"self":[{"href":"https:\/\/www.la-petite-vigne.fr\/index.php\/wp-json\/wp\/v2\/pages\/55","targetHints":{"allow":["GET"]}}],"collection":[{"href":"https:\/\/www.la-petite-vigne.fr\/index.php\/wp-json\/wp\/v2\/pages"}],"about":[{"href":"https:\/\/www.la-petite-vigne.fr\/index.php\/wp-json\/wp\/v2\/types\/page"}],"author":[{"embeddable":true,"href":"https:\/\/www.la-petite-vigne.fr\/index.php\/wp-json\/wp\/v2\/users\/1"}],"replies":[{"embeddable":true,"href":"https:\/\/www.la-petite-vigne.fr\/index.php\/wp-json\/wp\/v2\/comments?post=55"}],"version-history":[{"count":1,"href":"https:\/\/www.la-petite-vigne.fr\/index.php\/wp-json\/wp\/v2\/pages\/55\/revisions"}],"predecessor-version":[{"id":57,"href":"https:\/\/www.la-petite-vigne.fr\/index.php\/wp-json\/wp\/v2\/pages\/55\/revisions\/57"}],"wp:attachment":[{"href":"https:\/\/www.la-petite-vigne.fr\/index.php\/wp-json\/wp\/v2\/media?parent=55"}],"curies":[{"name":"wp","href":"https:\/\/api.w.org\/{rel}","templated":true}]}}