{"id":51,"date":"2017-07-24T21:47:38","date_gmt":"2017-07-24T19:47:38","guid":{"rendered":"http:\/\/www.la-petite-vigne.fr\/index.php\/?page_id=51"},"modified":"2017-08-21T21:47:48","modified_gmt":"2017-08-21T19:47:48","slug":"apprendre-le-francais-un-tremplin-pour-lautonomie","status":"publish","type":"page","link":"https:\/\/www.la-petite-vigne.fr\/index.php\/apprendre-le-francais-un-tremplin-pour-lautonomie\/","title":{"rendered":"Apprendre le Fran\u00e7ais, un tremplin pour l&rsquo;autonomie"},"content":{"rendered":"<p>Depuis mars 2007, des cours d\u2019apprentissage de fran\u00e7ais, langue \u00e9trang\u00e8re, sont organis\u00e9s \u00e0 l\u2019initiative de la Petite Vigne et \u00e0 la demande de diverses associations et municipalit\u00e9s.<br \/>\nComprendre et pratiquer la langue du pays dans lequel on vit est un des facteurs d\u2019int\u00e9gration. Les personnes qui assurent ces cours donn\u00e9s \u00e0 des femmes et \u00e0 des hommes d\u2019origine \u00e9trang\u00e8re, en font r\u00e9guli\u00e8rement le constat.<br \/>\nC\u2019est un tremplin pour aider les personnes \u00e0 sortir de leur cloisonnement communautaire et pour acqu\u00e9rir un peu plus d\u2019autonomie par rapport\u00a0:<br \/>\n&#8211; \u00e0 leurs enfants et petits-enfants qui sont n\u00e9s ici<br \/>\n&#8211; aux documents administratifs<br \/>\n&#8211; \u00e0 leur insertion par le travail<br \/>\n&#8211; et plus particuli\u00e8rement pour les femmes, un acc\u00e8s plus libre pour leurs soins m\u00e9dicaux.<br \/>\nEn g\u00e9n\u00e9ral, les personnes accueillies sont tr\u00e8s motiv\u00e9es et cet apprentissage se fait dans une bonne ambiance, dans l\u2019\u00e9change et dans la convivialit\u00e9.<\/p>\n<p style=\"text-align: center;\"><img loading=\"lazy\" decoding=\"async\" class=\"alignnone wp-image-52\" src=\"http:\/\/www.la-petite-vigne.fr\/wp-content\/uploads\/2017\/07\/francais-300x200.jpg\" alt=\"\" width=\"416\" height=\"277\" srcset=\"https:\/\/www.la-petite-vigne.fr\/wp-content\/uploads\/2017\/07\/francais-300x200.jpg 300w, https:\/\/www.la-petite-vigne.fr\/wp-content\/uploads\/2017\/07\/francais-768x512.jpg 768w, https:\/\/www.la-petite-vigne.fr\/wp-content\/uploads\/2017\/07\/francais-1024x683.jpg 1024w\" sizes=\"auto, (max-width: 416px) 100vw, 416px\" \/><\/p>\n<p>&nbsp;<\/p>\n<p>&nbsp;<\/p>\n","protected":false},"excerpt":{"rendered":"<p>Depuis mars 2007, des cours d\u2019apprentissage de fran\u00e7ais, langue \u00e9trang\u00e8re, sont organis\u00e9s \u00e0 l\u2019initiative de la Petite Vigne et \u00e0 la demande de diverses associations et municipalit\u00e9s. Comprendre et pratiquer la langue du pays dans lequel on vit est un &hellip; <a href=\"https:\/\/www.la-petite-vigne.fr\/index.php\/apprendre-le-francais-un-tremplin-pour-lautonomie\/\">Continuer la lecture <span class=\"meta-nav\">&rarr;<\/span><\/a><\/p>\n","protected":false},"author":1,"featured_media":0,"parent":0,"menu_order":0,"comment_status":"closed","ping_status":"closed","template":"","meta":{"_EventAllDay":false,"_EventTimezone":"","_EventStartDate":"","_EventEndDate":"","_EventStartDateUTC":"","_EventEndDateUTC":"","_EventShowMap":false,"_EventShowMapLink":false,"_EventURL":"","_EventCost":"","_EventCostDescription":"","_EventCurrencySymbol":"","_EventCurrencyCode":"","_EventCurrencyPosition":"","_EventDateTimeSeparator":"","_EventTimeRangeSeparator":"","_EventOrganizerID":[],"_EventVenueID":[],"_OrganizerEmail":"","_OrganizerPhone":"","_OrganizerWebsite":"","_VenueAddress":"","_VenueCity":"","_VenueCountry":"","_VenueProvince":"","_VenueState":"","_VenueZip":"","_VenuePhone":"","_VenueURL":"","_VenueStateProvince":"","_VenueLat":"","_VenueLng":"","_VenueShowMap":false,"_VenueShowMapLink":false,"footnotes":""},"class_list":["post-51","page","type-page","status-publish","hentry"],"_links":{"self":[{"href":"https:\/\/www.la-petite-vigne.fr\/index.php\/wp-json\/wp\/v2\/pages\/51","targetHints":{"allow":["GET"]}}],"collection":[{"href":"https:\/\/www.la-petite-vigne.fr\/index.php\/wp-json\/wp\/v2\/pages"}],"about":[{"href":"https:\/\/www.la-petite-vigne.fr\/index.php\/wp-json\/wp\/v2\/types\/page"}],"author":[{"embeddable":true,"href":"https:\/\/www.la-petite-vigne.fr\/index.php\/wp-json\/wp\/v2\/users\/1"}],"replies":[{"embeddable":true,"href":"https:\/\/www.la-petite-vigne.fr\/index.php\/wp-json\/wp\/v2\/comments?post=51"}],"version-history":[{"count":4,"href":"https:\/\/www.la-petite-vigne.fr\/index.php\/wp-json\/wp\/v2\/pages\/51\/revisions"}],"predecessor-version":[{"id":293,"href":"https:\/\/www.la-petite-vigne.fr\/index.php\/wp-json\/wp\/v2\/pages\/51\/revisions\/293"}],"wp:attachment":[{"href":"https:\/\/www.la-petite-vigne.fr\/index.php\/wp-json\/wp\/v2\/media?parent=51"}],"curies":[{"name":"wp","href":"https:\/\/api.w.org\/{rel}","templated":true}]}}