{"id":34,"date":"2017-07-21T17:28:57","date_gmt":"2017-07-21T15:28:57","guid":{"rendered":"http:\/\/www.la-petite-vigne.fr\/index.php\/?page_id=34"},"modified":"2024-09-30T18:56:51","modified_gmt":"2024-09-30T16:56:51","slug":"conseil-dadministration","status":"publish","type":"page","link":"https:\/\/www.la-petite-vigne.fr\/index.php\/page-d-exemple\/conseil-dadministration\/","title":{"rendered":"Conseil d&rsquo;Administration"},"content":{"rendered":"<p style=\"text-align: center; line-height: 1px;\">(Suite \u00e0 l&rsquo;Assembl\u00e9e G\u00e9n\u00e9rale du 11 juin 2024)<\/p>\n<p style=\"padding-left: 40px;\"><em><strong><span style=\"color: #ff9900;\">Bureau<\/span><\/strong><\/em><\/p>\n<table style=\"border-style: none;\">\n<tbody style=\"border-style: none;\">\n<tr style=\"line-height: 1px; border-style: none;\">\n<th style=\"padding-left: 120px; line-height: 1px; width: 40%; font-style: italic; font-weight: bold; font-size: 1,2%;\">Pr\u00e9sidente<\/th>\n<td style=\"border-style: none;\">Mich\u00e8le SCHILLINGER<\/td>\n<\/tr>\n<tr style=\"line-height: 1px; border-style: none;\">\n<th style=\"padding-left: 120px; line-height: 1px; width: 40%; font-style: italic; font-weight: bold; font-size: 1,2%;\">Vice-pr\u00e9sident<\/th>\n<td style=\"border-style: none;\">Richard FUCHS<\/td>\n<\/tr>\n<tr style=\"line-height: 1px; border-style: none;\">\n<th style=\"padding-left: 120px; line-height: 1px; width: 40%; font-style: italic; font-weight: bold; font-size: 1,2%;\">Tr\u00e9sori\u00e8re<\/th>\n<td style=\"border-style: none;\">Brigitte SEIGNIER<\/td>\n<\/tr>\n<tr style=\"line-height: 1px; border-style: none;\">\n<th style=\"padding-left: 120px; line-height: 1px; width: 40%; font-style: italic; font-weight: bold; font-size: 1,2%;\">Secr\u00e9taires<\/th>\n<td style=\"border-style: none;\">Agn\u00e8s BERLINGER, Marie PICQUART<\/td>\n<\/tr>\n<tr style=\"line-height: 1px; border-style: none;\">\n<th style=\"padding-left: 120px; line-height: 1px; width: 40%; font-style: italic; font-weight: bold; font-size: 1,2%;\"><\/th>\n<td style=\"border-style: none;\"><\/td>\n<\/tr>\n<tr style=\"line-height: 1px; border-style: none;\">\n<th style=\"padding-left: 120px; line-height: 1px; width: 40%; font-style: italic; font-weight: bold; font-size: 1,2%;\">Assesseurs<\/th>\n<td style=\"border-style: none;\">Joseph GASCHY, Nathalie HAMMER<\/td>\n<\/tr>\n<\/tbody>\n<\/table>\n<p style=\"padding-left: 40px;\"><em><strong><span style=\"color: #ff9900;\">Membres <\/span><\/strong><\/em><\/p>\n<p style=\"padding-left: 120px; line-height: 1px;\">Thomas ALPY<\/p>\n<p style=\"padding-left: 120px; line-height: 1px;\">Fran\u00e7ois BERLINGER<\/p>\n<p style=\"padding-left: 120px; line-height: 1px;\">Anne CHRISTEN<\/p>\n<p style=\"padding-left: 120px; line-height: 1px;\">Roland DUVAL<\/p>\n<p style=\"padding-left: 120px; line-height: 1px;\">Vincent FABRE<\/p>\n<p style=\"padding-left: 120px; line-height: 1px;\">Pierre PICQUART<\/p>\n<p style=\"padding-left: 120px; line-height: 1px;\">Christophe RICHARD<\/p>\n<p style=\"padding-left: 120px; line-height: 1px;\">Agathe WURTZ<\/p>\n","protected":false},"excerpt":{"rendered":"<p>(Suite \u00e0 l&rsquo;Assembl\u00e9e G\u00e9n\u00e9rale du 11 juin 2024) Bureau Pr\u00e9sidente Mich\u00e8le SCHILLINGER Vice-pr\u00e9sident Richard FUCHS Tr\u00e9sori\u00e8re Brigitte SEIGNIER Secr\u00e9taires Agn\u00e8s BERLINGER, Marie PICQUART Assesseurs Joseph GASCHY, Nathalie HAMMER Membres Thomas ALPY Fran\u00e7ois BERLINGER Anne CHRISTEN Roland DUVAL Vincent FABRE Pierre &hellip; <a href=\"https:\/\/www.la-petite-vigne.fr\/index.php\/page-d-exemple\/conseil-dadministration\/\">Continuer la lecture <span class=\"meta-nav\">&rarr;<\/span><\/a><\/p>\n","protected":false},"author":1,"featured_media":0,"parent":2,"menu_order":0,"comment_status":"closed","ping_status":"closed","template":"","meta":{"_EventAllDay":false,"_EventTimezone":"","_EventStartDate":"","_EventEndDate":"","_EventStartDateUTC":"","_EventEndDateUTC":"","_EventShowMap":false,"_EventShowMapLink":false,"_EventURL":"","_EventCost":"","_EventCostDescription":"","_EventCurrencySymbol":"","_EventCurrencyCode":"","_EventCurrencyPosition":"","_EventDateTimeSeparator":"","_EventTimeRangeSeparator":"","_EventOrganizerID":[],"_EventVenueID":[],"_OrganizerEmail":"","_OrganizerPhone":"","_OrganizerWebsite":"","_VenueAddress":"","_VenueCity":"","_VenueCountry":"","_VenueProvince":"","_VenueState":"","_VenueZip":"","_VenuePhone":"","_VenueURL":"","_VenueStateProvince":"","_VenueLat":"","_VenueLng":"","_VenueShowMap":false,"_VenueShowMapLink":false,"footnotes":""},"class_list":["post-34","page","type-page","status-publish","hentry"],"_links":{"self":[{"href":"https:\/\/www.la-petite-vigne.fr\/index.php\/wp-json\/wp\/v2\/pages\/34","targetHints":{"allow":["GET"]}}],"collection":[{"href":"https:\/\/www.la-petite-vigne.fr\/index.php\/wp-json\/wp\/v2\/pages"}],"about":[{"href":"https:\/\/www.la-petite-vigne.fr\/index.php\/wp-json\/wp\/v2\/types\/page"}],"author":[{"embeddable":true,"href":"https:\/\/www.la-petite-vigne.fr\/index.php\/wp-json\/wp\/v2\/users\/1"}],"replies":[{"embeddable":true,"href":"https:\/\/www.la-petite-vigne.fr\/index.php\/wp-json\/wp\/v2\/comments?post=34"}],"version-history":[{"count":104,"href":"https:\/\/www.la-petite-vigne.fr\/index.php\/wp-json\/wp\/v2\/pages\/34\/revisions"}],"predecessor-version":[{"id":2975,"href":"https:\/\/www.la-petite-vigne.fr\/index.php\/wp-json\/wp\/v2\/pages\/34\/revisions\/2975"}],"up":[{"embeddable":true,"href":"https:\/\/www.la-petite-vigne.fr\/index.php\/wp-json\/wp\/v2\/pages\/2"}],"wp:attachment":[{"href":"https:\/\/www.la-petite-vigne.fr\/index.php\/wp-json\/wp\/v2\/media?parent=34"}],"curies":[{"name":"wp","href":"https:\/\/api.w.org\/{rel}","templated":true}]}}