{"id":218,"date":"2017-08-17T22:36:32","date_gmt":"2017-08-17T20:36:32","guid":{"rendered":"http:\/\/www.la-petite-vigne.fr\/index.php\/?page_id=218"},"modified":"2019-09-30T19:11:11","modified_gmt":"2019-09-30T17:11:11","slug":"lieu-de-rencontres-et-de-formation","status":"publish","type":"page","link":"https:\/\/www.la-petite-vigne.fr\/index.php\/lieu-de-rencontres-et-de-formation\/","title":{"rendered":"Rencontres et formations"},"content":{"rendered":"<p align=\"justify\"><span style=\"font-size: large;\"><i>Depuis sa cr\u00e9ation, La Petite Vigne a toujours eu le souci de proposer des temps de rencontres, de formations et d\u2019\u00e9changes qui ont pour objectif d\u2019aider chacun \u00e0 donner sens \u00e0 sa vie de tous les jours et de l\u2019accompagner dans l\u2019approfondissement de ses valeurs humaines et chr\u00e9tiennes.<\/i><\/span><\/p>\n<p align=\"justify\"><span style=\"font-size: large;\"><i>Pour cela, nous privil\u00e9gions&nbsp;:<\/i><\/span><\/p>\n<ul>\n<li>\n<p align=\"justify\"><span style=\"font-size: large;\"><i>le d\u00e9bat et l\u2019\u00e9change sur des questions vitales pour l\u2019Homme (comme l\u2019\u00e9ducation, la famille, la consommation, l\u2019environnement, la sant\u00e9\u2026),<\/i><\/span><\/p>\n<\/li>\n<li>\n<p align=\"justify\"><span style=\"font-size: large;\"><i>l\u2019ouverture sur des probl\u00e9matiques plus collectives (comme la solidarit\u00e9 avec les exclus, la mondialisation, l\u2019\u00e9thique, la r\u00e9flexion politique\u2026),<\/i><\/span><\/p>\n<\/li>\n<li>\n<p align=\"justify\"><span style=\"font-size: large;\"><i>l\u2019accompagnement des personnes ayant des responsabilit\u00e9s,<\/i><\/span><\/p>\n<\/li>\n<li>\n<p align=\"justify\"><span style=\"font-size: large;\"><i>le d\u00e9veloppement de partenariats avec d\u2019autres associations et structures autour de projets communs et pour agir ensemble.<\/i><\/span><\/p>\n<\/li>\n<\/ul>\n<p align=\"justify\"><span style=\"font-size: large;\"><i><br \/>\nCe que La Petite Vigne attend de ses intervenants, au-del\u00e0 de leurs comp\u00e9tences reconnues, c\u2019est d\u2019avoir une parole accessible \u00e0 tous, nourrie par un v\u00e9cu et une exp\u00e9rience de vie.<\/i><\/span><\/p>\n<p align=\"justify\"><span style=\"font-size: large;\"><i>Nous ne voulons pas que ces apports se limitent \u00e0 une th\u00e9orie, mais bien qu\u2019ils encouragent les projets et les engagements citoyens que chacun peut vivre.<\/i><\/span><\/p>\n<p align=\"justify\"><span style=\"font-size: large;\"><i><br \/>\n<em><strong>Toucher les sens pour construire le sens<br \/>\n<\/strong><\/em><\/i><\/span><\/p>\n<p align=\"justify\"><span style=\"font-size: large;\"><i>Outre les temps de formation et de r\u00e9flexion avec des intervenants, La Petite Vigne a depuis longtemps la volont\u00e9 d\u2019aller \u00e0 la rencontre des gens en mettant le th\u00e9atre, le cin\u00e9ma, l\u2019art, \u00e0 la port\u00e9e du plus grand nombre.<\/i><\/span><\/p>\n<p align=\"justify\"><span style=\"font-size: large;\"><i> La culture peut aussi \u00eatre un outil de r\u00e9flexion, parfois plus accessible que la parole imm\u00e9diate, car elle s\u2019appuie sur la mati\u00e8re, les sens et les \u00e9motions.<\/i><\/span><\/p>\n","protected":false},"excerpt":{"rendered":"<p>Depuis sa cr\u00e9ation, La Petite Vigne a toujours eu le souci de proposer des temps de rencontres, de formations et d\u2019\u00e9changes qui ont pour objectif d\u2019aider chacun \u00e0 donner sens \u00e0 sa vie de tous les jours et de l\u2019accompagner &hellip; <a href=\"https:\/\/www.la-petite-vigne.fr\/index.php\/lieu-de-rencontres-et-de-formation\/\">Continuer la lecture <span class=\"meta-nav\">&rarr;<\/span><\/a><\/p>\n","protected":false},"author":1,"featured_media":0,"parent":0,"menu_order":0,"comment_status":"closed","ping_status":"closed","template":"","meta":{"_EventAllDay":false,"_EventTimezone":"","_EventStartDate":"","_EventEndDate":"","_EventStartDateUTC":"","_EventEndDateUTC":"","_EventShowMap":false,"_EventShowMapLink":false,"_EventURL":"","_EventCost":"","_EventCostDescription":"","_EventCurrencySymbol":"","_EventCurrencyCode":"","_EventCurrencyPosition":"","_EventDateTimeSeparator":"","_EventTimeRangeSeparator":"","_EventOrganizerID":[],"_EventVenueID":[],"_OrganizerEmail":"","_OrganizerPhone":"","_OrganizerWebsite":"","_VenueAddress":"","_VenueCity":"","_VenueCountry":"","_VenueProvince":"","_VenueState":"","_VenueZip":"","_VenuePhone":"","_VenueURL":"","_VenueStateProvince":"","_VenueLat":"","_VenueLng":"","_VenueShowMap":false,"_VenueShowMapLink":false,"footnotes":""},"class_list":["post-218","page","type-page","status-publish","hentry"],"_links":{"self":[{"href":"https:\/\/www.la-petite-vigne.fr\/index.php\/wp-json\/wp\/v2\/pages\/218","targetHints":{"allow":["GET"]}}],"collection":[{"href":"https:\/\/www.la-petite-vigne.fr\/index.php\/wp-json\/wp\/v2\/pages"}],"about":[{"href":"https:\/\/www.la-petite-vigne.fr\/index.php\/wp-json\/wp\/v2\/types\/page"}],"author":[{"embeddable":true,"href":"https:\/\/www.la-petite-vigne.fr\/index.php\/wp-json\/wp\/v2\/users\/1"}],"replies":[{"embeddable":true,"href":"https:\/\/www.la-petite-vigne.fr\/index.php\/wp-json\/wp\/v2\/comments?post=218"}],"version-history":[{"count":3,"href":"https:\/\/www.la-petite-vigne.fr\/index.php\/wp-json\/wp\/v2\/pages\/218\/revisions"}],"predecessor-version":[{"id":1167,"href":"https:\/\/www.la-petite-vigne.fr\/index.php\/wp-json\/wp\/v2\/pages\/218\/revisions\/1167"}],"wp:attachment":[{"href":"https:\/\/www.la-petite-vigne.fr\/index.php\/wp-json\/wp\/v2\/media?parent=218"}],"curies":[{"name":"wp","href":"https:\/\/api.w.org\/{rel}","templated":true}]}}