{"id":2146,"date":"2021-07-09T22:46:43","date_gmt":"2021-07-09T20:46:43","guid":{"rendered":"http:\/\/www.la-petite-vigne.fr\/index.php\/?page_id=2146"},"modified":"2021-07-09T22:46:44","modified_gmt":"2021-07-09T20:46:44","slug":"10-cles-pour-redecouvrir-sainte-odile","status":"publish","type":"page","link":"https:\/\/www.la-petite-vigne.fr\/index.php\/10-cles-pour-redecouvrir-sainte-odile\/","title":{"rendered":"10 cl\u00e9s pour (re)d\u00e9couvrir Sainte-Odile"},"content":{"rendered":"<div style=\"background-color: #ffffc4; padding: 20px;\">\n<p><a style=\"color: #5F8E06; font-size: 30px;\"><strong><\/strong><\/a><\/p>\n<div>\n<p><center><a style=\"color: #5F8E06; font-size: 30px;\"><strong>Une id\u00e9e de sortie pour cet \u00e9t\u00e9 &#8230;<\/strong><\/a><\/center><\/p>\n<\/div>\n<p>La Petite Vigne vous invite, au coeur de cette ann\u00e9e jubilaire, de (re)d\u00e9couvrir toute <a style=\"color: #ff9900; font-size: 20px;\"><strong>la modernit\u00e9 du message de Sainte-Odile <\/strong><\/a>, patronne de l\u2019Alsace, \u00e0 travers <a style=\"color: #ff9900; font-size: 20px;\"><strong>10 cl\u00e9s <\/strong><\/a> puis\u00e9es dans son histoire.<\/p>\n<p>Odile parle pour aujourd\u2019hui, Odile donne des pistes pour notre vie d\u2019aujourd\u2019hui !<\/p>\n<p>Alors, monter le son et cliquer sur le lien ci-dessous<\/p>\n<p><center><strong><a style=\"color: #1c0ce7;\" href=\"https:\/\/youtu.be\/lKGVgsxQpOQ\" target=\"_blank\" rel=\"noopener noreferrer\"> https:\/\/youtu.be\/lKGVgsxQpOQ<br \/>\n<\/a><\/strong><\/center><\/p>\n<\/div>\n","protected":false},"excerpt":{"rendered":"<p>Une id\u00e9e de sortie pour cet \u00e9t\u00e9 &#8230; La Petite Vigne vous invite, au coeur de cette ann\u00e9e jubilaire, de (re)d\u00e9couvrir toute la modernit\u00e9 du message de Sainte-Odile , patronne de l\u2019Alsace, \u00e0 travers 10 cl\u00e9s puis\u00e9es dans son histoire. &hellip; <a href=\"https:\/\/www.la-petite-vigne.fr\/index.php\/10-cles-pour-redecouvrir-sainte-odile\/\">Continuer la lecture <span class=\"meta-nav\">&rarr;<\/span><\/a><\/p>\n","protected":false},"author":12,"featured_media":0,"parent":0,"menu_order":0,"comment_status":"closed","ping_status":"closed","template":"","meta":{"_EventAllDay":false,"_EventTimezone":"","_EventStartDate":"","_EventEndDate":"","_EventStartDateUTC":"","_EventEndDateUTC":"","_EventShowMap":false,"_EventShowMapLink":false,"_EventURL":"","_EventCost":"","_EventCostDescription":"","_EventCurrencySymbol":"","_EventCurrencyCode":"","_EventCurrencyPosition":"","_EventDateTimeSeparator":"","_EventTimeRangeSeparator":"","_EventOrganizerID":[],"_EventVenueID":[],"_OrganizerEmail":"","_OrganizerPhone":"","_OrganizerWebsite":"","_VenueAddress":"","_VenueCity":"","_VenueCountry":"","_VenueProvince":"","_VenueState":"","_VenueZip":"","_VenuePhone":"","_VenueURL":"","_VenueStateProvince":"","_VenueLat":"","_VenueLng":"","_VenueShowMap":false,"_VenueShowMapLink":false,"footnotes":""},"class_list":["post-2146","page","type-page","status-publish","hentry"],"_links":{"self":[{"href":"https:\/\/www.la-petite-vigne.fr\/index.php\/wp-json\/wp\/v2\/pages\/2146","targetHints":{"allow":["GET"]}}],"collection":[{"href":"https:\/\/www.la-petite-vigne.fr\/index.php\/wp-json\/wp\/v2\/pages"}],"about":[{"href":"https:\/\/www.la-petite-vigne.fr\/index.php\/wp-json\/wp\/v2\/types\/page"}],"author":[{"embeddable":true,"href":"https:\/\/www.la-petite-vigne.fr\/index.php\/wp-json\/wp\/v2\/users\/12"}],"replies":[{"embeddable":true,"href":"https:\/\/www.la-petite-vigne.fr\/index.php\/wp-json\/wp\/v2\/comments?post=2146"}],"version-history":[{"count":1,"href":"https:\/\/www.la-petite-vigne.fr\/index.php\/wp-json\/wp\/v2\/pages\/2146\/revisions"}],"predecessor-version":[{"id":2147,"href":"https:\/\/www.la-petite-vigne.fr\/index.php\/wp-json\/wp\/v2\/pages\/2146\/revisions\/2147"}],"wp:attachment":[{"href":"https:\/\/www.la-petite-vigne.fr\/index.php\/wp-json\/wp\/v2\/media?parent=2146"}],"curies":[{"name":"wp","href":"https:\/\/api.w.org\/{rel}","templated":true}]}}