{"id":2067,"date":"2021-04-30T11:02:58","date_gmt":"2021-04-30T09:02:58","guid":{"rendered":"http:\/\/www.la-petite-vigne.fr\/index.php\/?page_id=2067"},"modified":"2021-06-07T23:45:31","modified_gmt":"2021-06-07T21:45:31","slug":"les-rencontres-videos-de-la-petite-vigne","status":"publish","type":"page","link":"https:\/\/www.la-petite-vigne.fr\/index.php\/les-rencontres-videos-de-la-petite-vigne\/","title":{"rendered":"P\u00e2ques et ses passages"},"content":{"rendered":"<div style=\"background-color: #ffffc4; padding: 20px;\">\n<div class=\"wp-block-image\">\n<figure class=\"alignleft\"><img decoding=\"async\" class=\"wp-image-1851\" src=\"http:\/\/www.la-petite-vigne.fr\/wp-content\/uploads\/2021\/04\/couverture.jpg\" alt=\"\"><figcaption><\/figcaption><\/figure>\n<\/div>\n<p>Pour d\u00e9couvrir et entrer pleinement dans le temps de Joie ouvert par la f\u00eate de P\u00e2ques, La Petite Vigne vous offre trois vid\u00e9os d\u2019une quinzaine de minutes comprenant chacune, l\u2019\u00e9coute et la m\u00e9ditation d\u2019un r\u00e9cit biblique, la d\u00e9couverte progressive d\u2019une \u0153uvre d\u2019art et une piste de r\u00e9flexion. Vous d\u00e9couvrirez ainsi trois \u00ab passages \u00bb que la r\u00e9surrection ouvre \u00e0 l\u2019homme.<\/p>\n<p>Le premier passage : de la crainte \u00e0 la JOIE :<br \/>\n<strong><a style=\"color: #1c0ce7;\" href=\"https:\/\/youtu.be\/PKX2RKe66Po\" target=\"_blank\" rel=\"noopener noreferrer\"> https:\/\/youtu.be\/PKX2RKe66Po<\/a><\/strong><\/p>\n<p>Le deuxi\u00e8me passage : de l\u2019enfermement \u00e0 la LIBERT\u00c9 :<br \/>\n<strong><a style=\"color: #1c0ce7;\" href=\"https:\/\/youtu.be\/VFAIi874w9c\" target=\"_blank\" rel=\"noopener noreferrer\"> https:\/\/youtu.be\/VFAIi874w9c<\/a><\/strong><\/p>\n<p>Le troisi\u00e8me passage : de l\u2019isolement \u00e0 la RENCONTRE :<br \/>\n<strong><a style=\"color: #1c0ce7;\" href=\"https:\/\/youtu.be\/FmcCor9hvr8\" target=\"_blank\" rel=\"noopener noreferrer\"> https:\/\/youtu.be\/FmcCor9hvr8<\/a><\/strong><\/p>\n<p>La synth\u00e8se :<br \/>\n<strong><a style=\"color: #1c0ce7;\" href=\"https:\/\/youtu.be\/yIaqePc4Jrg\" target=\"_blank\" rel=\"noopener noreferrer\"> https:\/\/youtu.be\/yIaqePc4Jrg<\/a><\/strong><\/p>\n<p>Sous chacune des vid\u00e9os, vous trouverez un lien vers un document reprenant tout l\u2019apport de la vid\u00e9o.<\/p>\n<\/div>\n","protected":false},"excerpt":{"rendered":"<p>Pour d\u00e9couvrir et entrer pleinement dans le temps de Joie ouvert par la f\u00eate de P\u00e2ques, La Petite Vigne vous offre trois vid\u00e9os d\u2019une quinzaine de minutes comprenant chacune, l\u2019\u00e9coute et la m\u00e9ditation d\u2019un r\u00e9cit biblique, la d\u00e9couverte progressive d\u2019une &hellip; <a href=\"https:\/\/www.la-petite-vigne.fr\/index.php\/les-rencontres-videos-de-la-petite-vigne\/\">Continuer la lecture <span class=\"meta-nav\">&rarr;<\/span><\/a><\/p>\n","protected":false},"author":12,"featured_media":0,"parent":0,"menu_order":0,"comment_status":"closed","ping_status":"closed","template":"","meta":{"_EventAllDay":false,"_EventTimezone":"","_EventStartDate":"","_EventEndDate":"","_EventStartDateUTC":"","_EventEndDateUTC":"","_EventShowMap":false,"_EventShowMapLink":false,"_EventURL":"","_EventCost":"","_EventCostDescription":"","_EventCurrencySymbol":"","_EventCurrencyCode":"","_EventCurrencyPosition":"","_EventDateTimeSeparator":"","_EventTimeRangeSeparator":"","_EventOrganizerID":[],"_EventVenueID":[],"_OrganizerEmail":"","_OrganizerPhone":"","_OrganizerWebsite":"","_VenueAddress":"","_VenueCity":"","_VenueCountry":"","_VenueProvince":"","_VenueState":"","_VenueZip":"","_VenuePhone":"","_VenueURL":"","_VenueStateProvince":"","_VenueLat":"","_VenueLng":"","_VenueShowMap":false,"_VenueShowMapLink":false,"footnotes":""},"class_list":["post-2067","page","type-page","status-publish","hentry"],"_links":{"self":[{"href":"https:\/\/www.la-petite-vigne.fr\/index.php\/wp-json\/wp\/v2\/pages\/2067","targetHints":{"allow":["GET"]}}],"collection":[{"href":"https:\/\/www.la-petite-vigne.fr\/index.php\/wp-json\/wp\/v2\/pages"}],"about":[{"href":"https:\/\/www.la-petite-vigne.fr\/index.php\/wp-json\/wp\/v2\/types\/page"}],"author":[{"embeddable":true,"href":"https:\/\/www.la-petite-vigne.fr\/index.php\/wp-json\/wp\/v2\/users\/12"}],"replies":[{"embeddable":true,"href":"https:\/\/www.la-petite-vigne.fr\/index.php\/wp-json\/wp\/v2\/comments?post=2067"}],"version-history":[{"count":5,"href":"https:\/\/www.la-petite-vigne.fr\/index.php\/wp-json\/wp\/v2\/pages\/2067\/revisions"}],"predecessor-version":[{"id":2094,"href":"https:\/\/www.la-petite-vigne.fr\/index.php\/wp-json\/wp\/v2\/pages\/2067\/revisions\/2094"}],"wp:attachment":[{"href":"https:\/\/www.la-petite-vigne.fr\/index.php\/wp-json\/wp\/v2\/media?parent=2067"}],"curies":[{"name":"wp","href":"https:\/\/api.w.org\/{rel}","templated":true}]}}