{"id":204,"date":"2017-08-17T22:09:38","date_gmt":"2017-08-17T20:09:38","guid":{"rendered":"http:\/\/www.la-petite-vigne.fr\/index.php\/?page_id=204"},"modified":"2019-11-04T16:44:47","modified_gmt":"2019-11-04T15:44:47","slug":"photos","status":"publish","type":"page","link":"https:\/\/www.la-petite-vigne.fr\/index.php\/photos\/","title":{"rendered":"Les Photos de la Petite Vigne"},"content":{"rendered":"<h1 style=\"text-align: right;\"><strong>\u00a0<\/strong><\/h1>\n<table border=\"0\" width=\"956\" align=\"center\">\n<tbody>\n<tr>\n<td align=\"center\" width=\"503\" height=\"44\"><\/td>\n<td align=\"center\" width=\"443\"><a href=\"https:\/\/www.la-petite-vigne.fr\/index.php\/photos\/la-petite-vigne\/\" target=\"_blank\" rel=\"noopener noreferrer\">La Petite Vigne<\/a><\/p>\n<p><span style=\"font-size: large;\"><a href=\"https:\/\/www.la-petite-vigne.fr\/index.php\/sarments-verts\/\" target=\"_blank\" rel=\"noopener noreferrer\">Les Sarments Verts<\/a><\/span><\/td>\n<\/tr>\n<tr>\n<td colspan=\"2\" align=\"center\" height=\"36\">\n<h4><a href=\"https:\/\/www.la-petite-vigne.fr\/index.php\/pentecote-autrement-2018\/\" target=\"_blank\" rel=\"noopener noreferrer\">Pentec\u00f4te Autrement 2018<\/a><\/h4>\n<h4><a href=\"https:\/\/www.la-petite-vigne.fr\/index.php\/fete-de-la-rentree-2017\/\" target=\"_blank\" rel=\"noopener noreferrer\">F\u00eate de la Rentr\u00e9e 2017<\/a><\/h4>\n<h4><a href=\"https:\/\/www.la-petite-vigne.fr\/index.php\/2017\/08\/20\/les-photos-de-pentecote-autrement-2017\/\" target=\"_blank\" rel=\"noopener noreferrer\">Pentec\u00f4te Autrement 2017<\/a><\/h4>\n<\/td>\n<\/tr>\n<tr>\n<td colspan=\"2\" align=\"center\" height=\"36\"><span style=\"font-size: large;\"><a href=\"https:\/\/www.la-petite-vigne.fr\/index.php\/noel-autrement-2015\/\" target=\"_blank\" rel=\"noopener noreferrer\">No\u00ebl Autrement &#8211; 19 d\u00e9cembre 2015 \u00e0 Bergheim<\/a><\/span><\/td>\n<\/tr>\n<tr>\n<td colspan=\"2\" align=\"center\" height=\"36\"><span style=\"font-size: large;\"><a href=\"https:\/\/www.la-petite-vigne.fr\/index.php\/noel-autrement-2014\/\" target=\"_blank\" rel=\"noopener noreferrer\">No\u00ebl Autrement &#8211; 20 d\u00e9cembre 2014 aux Trois Epis<\/a><\/span><\/td>\n<\/tr>\n<tr>\n<td colspan=\"2\" align=\"center\" height=\"36\"><span style=\"font-size: large;\"><a href=\"https:\/\/www.la-petite-vigne.fr\/index.php\/sejour-au-togo-2014\/\" target=\"_blank\" rel=\"noopener noreferrer\">S\u00e9jour des jeunes au Togo &#8211; Ao\u00fbt 2014<\/a><\/span><\/td>\n<\/tr>\n<tr>\n<td colspan=\"2\" align=\"center\" height=\"30\"><span style=\"font-size: large;\"><a href=\"https:\/\/www.la-petite-vigne.fr\/index.php\/les-sarments-verts-a-fessenheim-2013\/\" target=\"_blank\" rel=\"noopener noreferrer\">Spectacle des Sarments Verts &#8211; Fessenheim &#8211; 2013<\/a><\/span><\/td>\n<\/tr>\n<tr>\n<td colspan=\"2\" align=\"center\" height=\"30\"><span style=\"font-size: large;\"><a href=\"https:\/\/www.la-petite-vigne.fr\/index.php\/fete-de-la-rentree-2013\/\" target=\"_blank\" rel=\"noopener noreferrer\">8 septembre 2013 : F\u1ebfte de la rentr\u00e9e<\/a><\/span><\/td>\n<\/tr>\n<tr>\n<td colspan=\"2\" align=\"center\"><span style=\"font-size: large;\"><a href=\"https:\/\/www.la-petite-vigne.fr\/index.php\/fete-de-la-rentree-2012\/\" target=\"_blank\" rel=\"noopener noreferrer\">F\u00eate de la rentr\u00e9e 2012<\/a><\/span><\/td>\n<\/tr>\n<tr>\n<td colspan=\"2\" align=\"center\"><\/td>\n<\/tr>\n<\/tbody>\n<\/table>\n","protected":false},"excerpt":{"rendered":"<p>\u00a0 La Petite Vigne Les Sarments Verts Pentec\u00f4te Autrement 2018 F\u00eate de la Rentr\u00e9e 2017 Pentec\u00f4te Autrement 2017 No\u00ebl Autrement &#8211; 19 d\u00e9cembre 2015 \u00e0 Bergheim No\u00ebl Autrement &#8211; 20 d\u00e9cembre 2014 aux Trois Epis S\u00e9jour des jeunes au Togo &hellip; <a href=\"https:\/\/www.la-petite-vigne.fr\/index.php\/photos\/\">Continuer la lecture <span class=\"meta-nav\">&rarr;<\/span><\/a><\/p>\n","protected":false},"author":1,"featured_media":0,"parent":0,"menu_order":0,"comment_status":"closed","ping_status":"closed","template":"","meta":{"_EventAllDay":false,"_EventTimezone":"","_EventStartDate":"","_EventEndDate":"","_EventStartDateUTC":"","_EventEndDateUTC":"","_EventShowMap":false,"_EventShowMapLink":false,"_EventURL":"","_EventCost":"","_EventCostDescription":"","_EventCurrencySymbol":"","_EventCurrencyCode":"","_EventCurrencyPosition":"","_EventDateTimeSeparator":"","_EventTimeRangeSeparator":"","_EventOrganizerID":[],"_EventVenueID":[],"_OrganizerEmail":"","_OrganizerPhone":"","_OrganizerWebsite":"","_VenueAddress":"","_VenueCity":"","_VenueCountry":"","_VenueProvince":"","_VenueState":"","_VenueZip":"","_VenuePhone":"","_VenueURL":"","_VenueStateProvince":"","_VenueLat":"","_VenueLng":"","_VenueShowMap":false,"_VenueShowMapLink":false,"footnotes":""},"class_list":["post-204","page","type-page","status-publish","hentry"],"_links":{"self":[{"href":"https:\/\/www.la-petite-vigne.fr\/index.php\/wp-json\/wp\/v2\/pages\/204","targetHints":{"allow":["GET"]}}],"collection":[{"href":"https:\/\/www.la-petite-vigne.fr\/index.php\/wp-json\/wp\/v2\/pages"}],"about":[{"href":"https:\/\/www.la-petite-vigne.fr\/index.php\/wp-json\/wp\/v2\/types\/page"}],"author":[{"embeddable":true,"href":"https:\/\/www.la-petite-vigne.fr\/index.php\/wp-json\/wp\/v2\/users\/1"}],"replies":[{"embeddable":true,"href":"https:\/\/www.la-petite-vigne.fr\/index.php\/wp-json\/wp\/v2\/comments?post=204"}],"version-history":[{"count":11,"href":"https:\/\/www.la-petite-vigne.fr\/index.php\/wp-json\/wp\/v2\/pages\/204\/revisions"}],"predecessor-version":[{"id":1227,"href":"https:\/\/www.la-petite-vigne.fr\/index.php\/wp-json\/wp\/v2\/pages\/204\/revisions\/1227"}],"wp:attachment":[{"href":"https:\/\/www.la-petite-vigne.fr\/index.php\/wp-json\/wp\/v2\/media?parent=204"}],"curies":[{"name":"wp","href":"https:\/\/api.w.org\/{rel}","templated":true}]}}