{"id":2,"date":"2017-07-21T16:30:58","date_gmt":"2017-07-21T14:30:58","guid":{"rendered":"http:\/\/www.la-petite-vigne.fr\/?page_id=2"},"modified":"2020-01-10T15:16:44","modified_gmt":"2020-01-10T14:16:44","slug":"page-d-exemple","status":"publish","type":"page","link":"https:\/\/www.la-petite-vigne.fr\/index.php\/page-d-exemple\/","title":{"rendered":"Pr\u00e9sentation"},"content":{"rendered":"<p>Depuis son origine, La Petite Vigne a toujours souhait\u00e9 \u00eatre un lieu d\u2019Eglise enracin\u00e9 dans notre soci\u00e9t\u00e9, attentif \u00e0 ses \u00e9volutions et \u00e0 ceux qui en souffrent. A travers les activit\u00e9s qu\u2019elle propose et les actions qu\u2019elle conduit ou accompagne, La Petite Vigne souhaite contribuer \u00e0 tisser des liens entre des personnes, entre des groupes pour cr\u00e9er un nouvel \u00e9lan vers une soci\u00e9t\u00e9 plus fraternelle.<\/p>\n<p><img loading=\"lazy\" decoding=\"async\" class=\"alignnone size-medium wp-image-11 alignleft\" src=\"http:\/\/www.la-petite-vigne.fr\/wp-content\/uploads\/2017\/07\/00-album-06-300x259.jpg\" alt=\"\" width=\"300\" height=\"259\" srcset=\"https:\/\/www.la-petite-vigne.fr\/wp-content\/uploads\/2017\/07\/00-album-06-300x259.jpg 300w, https:\/\/www.la-petite-vigne.fr\/wp-content\/uploads\/2017\/07\/00-album-06-768x663.jpg 768w, https:\/\/www.la-petite-vigne.fr\/wp-content\/uploads\/2017\/07\/00-album-06-1024x884.jpg 1024w, https:\/\/www.la-petite-vigne.fr\/wp-content\/uploads\/2017\/07\/00-album-06.jpg 1517w\" sizes=\"auto, (max-width: 300px) 100vw, 300px\" \/>La Petite Vigne est attentive aux \u00e9volutions de notre soci\u00e9t\u00e9, en particulier lorsque des individus ou des groupes sont exclus ou pr\u00e9caris\u00e9s.<\/p>\n<p>Elle souhaite aider \u00e0 mieux comprendre les mouvements qui traversent le monde et participer \u00e0 son am\u00e9lioration et \u00e0 sa transformation.<\/p>\n<p>Pour ce faire, La Petite Vigne se veut ouverte aux courants nouveaux qui dessinent les pistes d\u2019un avenir diff\u00e9rent (initiatives de solidarit\u00e9 envers les exclus et les laiss\u00e9s-pour-compte de notre soci\u00e9t\u00e9, ouverture aux autres cultures et aux autres religions, prise en compte de l\u2019environnement comme une donn\u00e9e fondamentale de ce d\u00e9but du 21\u00e8me si\u00e8cle, mouvements alter-mondialistes\u2026).<\/p>\n<p>Dans cette dynamique, La Petite Vigne souhaite d\u00e9velopper des relations avec des personnes et des groupes avec qui nous partageons des valeurs, des pr\u00e9occupations et des projets.<\/p>\n<p>A l\u2019image de la plante qui lui donne son nom, La Petite Vigne a les pieds bien ancr\u00e9s sur cette terre et les ramures qui se dressent vers le ciel, tel l\u2019Homme debout qu\u2019elle souhaite promouvoir. Elle est \u00ab petite \u00bb, donc humble et modeste, mais veut continuer, avec tous les ouvriers de bonne volont\u00e9, \u00e0 produire de belles vendanges.<\/p>\n","protected":false},"excerpt":{"rendered":"<p>Depuis son origine, La Petite Vigne a toujours souhait\u00e9 \u00eatre un lieu d\u2019Eglise enracin\u00e9 dans notre soci\u00e9t\u00e9, attentif \u00e0 ses \u00e9volutions et \u00e0 ceux qui en souffrent. A travers les activit\u00e9s qu\u2019elle propose et les actions qu\u2019elle conduit ou accompagne, &hellip; <a href=\"https:\/\/www.la-petite-vigne.fr\/index.php\/page-d-exemple\/\">Continuer la lecture <span class=\"meta-nav\">&rarr;<\/span><\/a><\/p>\n","protected":false},"author":1,"featured_media":0,"parent":0,"menu_order":0,"comment_status":"closed","ping_status":"closed","template":"","meta":{"_EventAllDay":false,"_EventTimezone":"","_EventStartDate":"","_EventEndDate":"","_EventStartDateUTC":"","_EventEndDateUTC":"","_EventShowMap":false,"_EventShowMapLink":false,"_EventURL":"","_EventCost":"","_EventCostDescription":"","_EventCurrencySymbol":"","_EventCurrencyCode":"","_EventCurrencyPosition":"","_EventDateTimeSeparator":"","_EventTimeRangeSeparator":"","_EventOrganizerID":[],"_EventVenueID":[],"_OrganizerEmail":"","_OrganizerPhone":"","_OrganizerWebsite":"","_VenueAddress":"","_VenueCity":"","_VenueCountry":"","_VenueProvince":"","_VenueState":"","_VenueZip":"","_VenuePhone":"","_VenueURL":"","_VenueStateProvince":"","_VenueLat":"","_VenueLng":"","_VenueShowMap":false,"_VenueShowMapLink":false,"footnotes":""},"class_list":["post-2","page","type-page","status-publish","hentry"],"_links":{"self":[{"href":"https:\/\/www.la-petite-vigne.fr\/index.php\/wp-json\/wp\/v2\/pages\/2","targetHints":{"allow":["GET"]}}],"collection":[{"href":"https:\/\/www.la-petite-vigne.fr\/index.php\/wp-json\/wp\/v2\/pages"}],"about":[{"href":"https:\/\/www.la-petite-vigne.fr\/index.php\/wp-json\/wp\/v2\/types\/page"}],"author":[{"embeddable":true,"href":"https:\/\/www.la-petite-vigne.fr\/index.php\/wp-json\/wp\/v2\/users\/1"}],"replies":[{"embeddable":true,"href":"https:\/\/www.la-petite-vigne.fr\/index.php\/wp-json\/wp\/v2\/comments?post=2"}],"version-history":[{"count":4,"href":"https:\/\/www.la-petite-vigne.fr\/index.php\/wp-json\/wp\/v2\/pages\/2\/revisions"}],"predecessor-version":[{"id":1296,"href":"https:\/\/www.la-petite-vigne.fr\/index.php\/wp-json\/wp\/v2\/pages\/2\/revisions\/1296"}],"wp:attachment":[{"href":"https:\/\/www.la-petite-vigne.fr\/index.php\/wp-json\/wp\/v2\/media?parent=2"}],"curies":[{"name":"wp","href":"https:\/\/api.w.org\/{rel}","templated":true}]}}