{"id":18,"date":"2017-07-21T17:14:07","date_gmt":"2017-07-21T15:14:07","guid":{"rendered":"http:\/\/www.la-petite-vigne.fr\/index.php\/?page_id=18"},"modified":"2019-11-04T14:54:14","modified_gmt":"2019-11-04T13:54:14","slug":"hebergement","status":"publish","type":"page","link":"https:\/\/www.la-petite-vigne.fr\/index.php\/page-d-exemple\/hebergement\/","title":{"rendered":"H\u00e9bergement"},"content":{"rendered":"<p>La petite Vigne, c\u2019est d\u2019abord un lieu, une maison et des b\u00e2timents entour\u00e9s d\u2019une cour, d\u2019une vigne et d\u2019un pr\u00e9 orn\u00e9 d\u2019une gloriette.<\/p>\n<p>Nous voulons que ce lieu t\u00e9moigne de notre d\u00e9sir d\u2019accueil et de rencontre.<\/p>\n<p>Les locaux de La Petite Vigne sont am\u00e9nag\u00e9s pour accueillir des groupes et sont agr\u00e9\u00e9s Jeunesse et Sports.<\/p>\n<p>Ainsi, nous pouvons mettre \u00e0 disposition pour un fonctionnement en autogestion\u00a0:<\/p>\n<ul>\n<li>1 grande cuisine enti\u00e8rement \u00e9quip\u00e9e<\/li>\n<\/ul>\n<p><img loading=\"lazy\" decoding=\"async\" class=\"size-medium wp-image-19 alignright\" src=\"http:\/\/www.la-petite-vigne.fr\/wp-content\/uploads\/2017\/07\/CM140851-300x200.jpg\" alt=\"\" width=\"300\" height=\"200\" srcset=\"https:\/\/www.la-petite-vigne.fr\/wp-content\/uploads\/2017\/07\/CM140851-300x200.jpg 300w, https:\/\/www.la-petite-vigne.fr\/wp-content\/uploads\/2017\/07\/CM140851-768x512.jpg 768w, https:\/\/www.la-petite-vigne.fr\/wp-content\/uploads\/2017\/07\/CM140851.jpg 800w\" sizes=\"auto, (max-width: 300px) 100vw, 300px\" \/><\/p>\n<ul>\n<li>1 salle \u00e0 manger de 60 places<br \/>\n(peut aussi servir de salle de r\u00e9union)<\/li>\n<li>4 salles de r\u00e9union de<br \/>\n30 \u2013 20 \u2013 12 et 6 places<\/li>\n<li>2 dortoirs de 8 lits (lits superpos\u00e9s)<\/li>\n<li>1 dortoir de 4 lits<\/li>\n<li>des sanitaires avec 3 WC \u2013 6 lavabos et 2 douches<\/li>\n<li>1 petit appartement avec 2 chambres (2 et 3 lits) + 1 salle de bain avec WC + 1 cuisine \u00e9quip\u00e9e (b\u00e2timent s\u00e9par\u00e9 des dortoirs).<\/li>\n<\/ul>\n<p>Vous trouverez \u00e0 5 kms \u00e0 la ronde tous les commerces dont vous avez besoin ainsi que la possibilit\u00e9 de vous approvisionner directement chez les producteurs (vin \u2013 jus de fruits \u2013 fruits \u2013 l\u00e9gumes).<\/p>\n<p>Un traiteur \u00e0 proximit\u00e9 peut vous fournir des repas (plat du jour\u2026).<\/p>\n<p>Bennwihr est situ\u00e9 sur la route du vin, au c\u0153ur du vignoble. De multiples possibilit\u00e9s s\u2019offrent \u00e0 vous\u00a0:<\/p>\n<ul>\n<li>balades \u00e0 pieds \u2013 pistes cyclables dans le vignoble<\/li>\n<li>visites touristiques ch\u00e2teaux fort \u2013 villages alsaciens \u2013 cigognes \u2013 Colmar : vieille ville \u2013 Petite Venise \u2013 mus\u00e9es\u2026<\/li>\n<li>D\u00e9couverte du travail des vignes \u2013 visites de caves\u2026<\/li>\n<li>Randonn\u00e9es dans les Vosges \u00e0 \u00bd h en voiture (Orbey \u2013 Le Bonhomme \u2013 Aubure\u2026)<\/li>\n<li>Des lieux de pri\u00e8re et de recueillement comme la tr\u00e8s belle \u00e9glise de Bennwihr (\u00e0 c\u00f4t\u00e9 de la Petite Vigne).<\/li>\n<\/ul>\n<p>Pour tous renseignements (disponibilit\u00e9 des locaux \u2013 tarifs\u2026), adressez-vous \u00e0 Nathalie Hammer en t\u00e9l\u00e9phonant au <strong>03.89.47.83.47<\/strong> ou par e-mail\u00a0 <span style=\"color: #3366ff;\">contact@la-petite-vigne.fr<\/span><\/p>\n","protected":false},"excerpt":{"rendered":"<p>La petite Vigne, c\u2019est d\u2019abord un lieu, une maison et des b\u00e2timents entour\u00e9s d\u2019une cour, d\u2019une vigne et d\u2019un pr\u00e9 orn\u00e9 d\u2019une gloriette. Nous voulons que ce lieu t\u00e9moigne de notre d\u00e9sir d\u2019accueil et de rencontre. Les locaux de La &hellip; <a href=\"https:\/\/www.la-petite-vigne.fr\/index.php\/page-d-exemple\/hebergement\/\">Continuer la lecture <span class=\"meta-nav\">&rarr;<\/span><\/a><\/p>\n","protected":false},"author":1,"featured_media":0,"parent":2,"menu_order":0,"comment_status":"closed","ping_status":"closed","template":"","meta":{"_EventAllDay":false,"_EventTimezone":"","_EventStartDate":"","_EventEndDate":"","_EventStartDateUTC":"","_EventEndDateUTC":"","_EventShowMap":false,"_EventShowMapLink":false,"_EventURL":"","_EventCost":"","_EventCostDescription":"","_EventCurrencySymbol":"","_EventCurrencyCode":"","_EventCurrencyPosition":"","_EventDateTimeSeparator":"","_EventTimeRangeSeparator":"","_EventOrganizerID":[],"_EventVenueID":[],"_OrganizerEmail":"","_OrganizerPhone":"","_OrganizerWebsite":"","_VenueAddress":"","_VenueCity":"","_VenueCountry":"","_VenueProvince":"","_VenueState":"","_VenueZip":"","_VenuePhone":"","_VenueURL":"","_VenueStateProvince":"","_VenueLat":"","_VenueLng":"","_VenueShowMap":false,"_VenueShowMapLink":false,"footnotes":""},"class_list":["post-18","page","type-page","status-publish","hentry"],"_links":{"self":[{"href":"https:\/\/www.la-petite-vigne.fr\/index.php\/wp-json\/wp\/v2\/pages\/18","targetHints":{"allow":["GET"]}}],"collection":[{"href":"https:\/\/www.la-petite-vigne.fr\/index.php\/wp-json\/wp\/v2\/pages"}],"about":[{"href":"https:\/\/www.la-petite-vigne.fr\/index.php\/wp-json\/wp\/v2\/types\/page"}],"author":[{"embeddable":true,"href":"https:\/\/www.la-petite-vigne.fr\/index.php\/wp-json\/wp\/v2\/users\/1"}],"replies":[{"embeddable":true,"href":"https:\/\/www.la-petite-vigne.fr\/index.php\/wp-json\/wp\/v2\/comments?post=18"}],"version-history":[{"count":8,"href":"https:\/\/www.la-petite-vigne.fr\/index.php\/wp-json\/wp\/v2\/pages\/18\/revisions"}],"predecessor-version":[{"id":1213,"href":"https:\/\/www.la-petite-vigne.fr\/index.php\/wp-json\/wp\/v2\/pages\/18\/revisions\/1213"}],"up":[{"embeddable":true,"href":"https:\/\/www.la-petite-vigne.fr\/index.php\/wp-json\/wp\/v2\/pages\/2"}],"wp:attachment":[{"href":"https:\/\/www.la-petite-vigne.fr\/index.php\/wp-json\/wp\/v2\/media?parent=18"}],"curies":[{"name":"wp","href":"https:\/\/api.w.org\/{rel}","templated":true}]}}