{"id":1170,"date":"2019-10-08T22:35:26","date_gmt":"2019-10-08T20:35:26","guid":{"rendered":"http:\/\/www.la-petite-vigne.fr\/index.php\/?page_id=1170"},"modified":"2024-09-30T18:59:11","modified_gmt":"2024-09-30T16:59:11","slug":"les-commissions","status":"publish","type":"page","link":"https:\/\/www.la-petite-vigne.fr\/index.php\/les-commissions\/","title":{"rendered":"Les commissions"},"content":{"rendered":"\n<p>Pour mener \u00e0 bien ses missions et mettre en\n\u0153uvre son projet associatif, le conseil d\u2019administration a cr\u00e9\u00e9 un certain\nnombre de commissions&nbsp;: <\/p>\n\n\n\n<p style=\"color: #ff9900;\"><strong>Commission Communication<\/strong><\/p>\n\n\n<p>Anne CHRISTEN, Nathalie HAMMER, <strong>Christophe RICHARD<\/strong>, Brigitte SEIGNIER<\/p>\n\n\n<p style=\"color: #ff9900;\"><strong>Commission F\u00eates<\/strong><\/p>\n\n\n<p>Esther CLERC, Richard FUCHS, Nathalie HAMMER, <strong>Marie PICQUART<\/strong>, Mich\u00e8le SCHILLINGER, Malou SOURICE<\/p>\n\n\n<p style=\"color: #ff9900;\"><strong>Commission Formation<\/strong><\/p>\n\n\n<p>Thomas ALPY, Agn\u00e8s BERLINGER, Fran\u00e7ois BERLINGER, Esther CLERC, <strong>Anne CHRISTEN<\/strong>, Nathalie HAMMER, Jean-Fran\u00e7ois HAZOUM\u00c9, Martine VALDMAN, Cl\u00e9ment ZAHNBRECHER<\/p>\n\n\n<p style=\"color: #ff9900;\"><strong>Commission Solidarit\u00e9<\/strong><\/p>\n\n\n<p>Genevi\u00e8ve DUVAL, Danielle GAUDICHAU, <strong>Nathalie HAMMER<\/strong>, Pierre PICQUART, Malou SOURICE, Brigitte ZAHNER<\/p>\n\n\n<p style=\"color: #ff9900;\"><strong>Commission Technique et Travaux<\/strong><\/p>\n\n\n<p>Fran\u00e7ois BERLINGER, <strong>Roland DUVAL<\/strong>, Vincent FABRE, Nathalie HAMMER, Pascal LANG, Christophe RICHARD<\/p>\n\n\n<p style=\"color: #ff9900;\"><strong>Commission Vignes<\/strong><\/p>\n\n\n<p>R\u00e9gis AMBEIS, Laurent BARTH, <strong>Richard FUCHS<\/strong>, Nathalie HAMMER, Andr\u00e9 STENTZ<\/p>\n<p><!-- \/wp:post-content --><\/p>\n<p><!-- wp:paragraph --><\/p>\n<p><\/p>\n<p><!-- \/wp:paragraph --><\/p>","protected":false},"excerpt":{"rendered":"<p>Pour mener \u00e0 bien ses missions et mettre en \u0153uvre son projet associatif, le conseil d\u2019administration a cr\u00e9\u00e9 un certain nombre de commissions&nbsp;: Commission Communication Anne CHRISTEN, Nathalie HAMMER, Christophe RICHARD, Brigitte SEIGNIER Commission F\u00eates Esther CLERC, Richard FUCHS, Nathalie &hellip; <a href=\"https:\/\/www.la-petite-vigne.fr\/index.php\/les-commissions\/\">Continuer la lecture <span class=\"meta-nav\">&rarr;<\/span><\/a><\/p>\n","protected":false},"author":12,"featured_media":0,"parent":0,"menu_order":0,"comment_status":"closed","ping_status":"closed","template":"","meta":{"_EventAllDay":false,"_EventTimezone":"","_EventStartDate":"","_EventEndDate":"","_EventStartDateUTC":"","_EventEndDateUTC":"","_EventShowMap":false,"_EventShowMapLink":false,"_EventURL":"","_EventCost":"","_EventCostDescription":"","_EventCurrencySymbol":"","_EventCurrencyCode":"","_EventCurrencyPosition":"","_EventDateTimeSeparator":"","_EventTimeRangeSeparator":"","_EventOrganizerID":[],"_EventVenueID":[],"_OrganizerEmail":"","_OrganizerPhone":"","_OrganizerWebsite":"","_VenueAddress":"","_VenueCity":"","_VenueCountry":"","_VenueProvince":"","_VenueState":"","_VenueZip":"","_VenuePhone":"","_VenueURL":"","_VenueStateProvince":"","_VenueLat":"","_VenueLng":"","_VenueShowMap":false,"_VenueShowMapLink":false,"footnotes":""},"class_list":["post-1170","page","type-page","status-publish","hentry"],"_links":{"self":[{"href":"https:\/\/www.la-petite-vigne.fr\/index.php\/wp-json\/wp\/v2\/pages\/1170","targetHints":{"allow":["GET"]}}],"collection":[{"href":"https:\/\/www.la-petite-vigne.fr\/index.php\/wp-json\/wp\/v2\/pages"}],"about":[{"href":"https:\/\/www.la-petite-vigne.fr\/index.php\/wp-json\/wp\/v2\/types\/page"}],"author":[{"embeddable":true,"href":"https:\/\/www.la-petite-vigne.fr\/index.php\/wp-json\/wp\/v2\/users\/12"}],"replies":[{"embeddable":true,"href":"https:\/\/www.la-petite-vigne.fr\/index.php\/wp-json\/wp\/v2\/comments?post=1170"}],"version-history":[{"count":34,"href":"https:\/\/www.la-petite-vigne.fr\/index.php\/wp-json\/wp\/v2\/pages\/1170\/revisions"}],"predecessor-version":[{"id":2976,"href":"https:\/\/www.la-petite-vigne.fr\/index.php\/wp-json\/wp\/v2\/pages\/1170\/revisions\/2976"}],"wp:attachment":[{"href":"https:\/\/www.la-petite-vigne.fr\/index.php\/wp-json\/wp\/v2\/media?parent=1170"}],"curies":[{"name":"wp","href":"https:\/\/api.w.org\/{rel}","templated":true}]}}