{"id":1089,"date":"2019-09-22T16:39:00","date_gmt":"2019-09-22T14:39:00","guid":{"rendered":"http:\/\/www.la-petite-vigne.fr\/index.php\/?page_id=1089"},"modified":"2019-09-22T16:39:01","modified_gmt":"2019-09-22T14:39:01","slug":"actions-solidaires","status":"publish","type":"page","link":"https:\/\/www.la-petite-vigne.fr\/index.php\/actions-solidaires\/","title":{"rendered":"Actions solidaires"},"content":{"rendered":"\n<p>La Petite Vigne choisit de se faire\nproche des \u00ab&nbsp;petits&nbsp;\u00bb.<\/p>\n\n\n\n<p>Les racines de la Petite Vigne nous\nconduisent \u00e0 transformer le monde vers plus d\u2019humanit\u00e9 pour un avenir plus\nsolidaire. <\/p>\n\n\n\n<p>La Petite vigne est ce lieu o\u00f9 des\npersonnes vivant des situations de pr\u00e9carit\u00e9 et d\u2019exclusion quittent leur\nisolement, un lieu o\u00f9 elles apprennent \u00e0 passer de l\u2019assistanat \u00e0 la\nparticipation active, \u00e0 la formulation et \u00e0 la r\u00e9alisation de projets.<\/p>\n\n\n\n<p>Forte de son enracinement et des fruits\nqu\u2019elle a d\u00e9j\u00e0 vendang\u00e9s, la Petite Vigne est ce lieu de convergence utile \u00e0\ncelles et ceux qui ont besoin de rep\u00e8res, de haltes, d\u2019esp\u00e9rance pour\npoursuivre le chemin, seuls et ensemble. <\/p>\n","protected":false},"excerpt":{"rendered":"<p>La Petite Vigne choisit de se faire proche des \u00ab&nbsp;petits&nbsp;\u00bb. Les racines de la Petite Vigne nous conduisent \u00e0 transformer le monde vers plus d\u2019humanit\u00e9 pour un avenir plus solidaire. La Petite vigne est ce lieu o\u00f9 des personnes vivant &hellip; <a href=\"https:\/\/www.la-petite-vigne.fr\/index.php\/actions-solidaires\/\">Continuer la lecture <span class=\"meta-nav\">&rarr;<\/span><\/a><\/p>\n","protected":false},"author":12,"featured_media":0,"parent":0,"menu_order":0,"comment_status":"closed","ping_status":"closed","template":"","meta":{"_EventAllDay":false,"_EventTimezone":"","_EventStartDate":"","_EventEndDate":"","_EventStartDateUTC":"","_EventEndDateUTC":"","_EventShowMap":false,"_EventShowMapLink":false,"_EventURL":"","_EventCost":"","_EventCostDescription":"","_EventCurrencySymbol":"","_EventCurrencyCode":"","_EventCurrencyPosition":"","_EventDateTimeSeparator":"","_EventTimeRangeSeparator":"","_EventOrganizerID":[],"_EventVenueID":[],"_OrganizerEmail":"","_OrganizerPhone":"","_OrganizerWebsite":"","_VenueAddress":"","_VenueCity":"","_VenueCountry":"","_VenueProvince":"","_VenueState":"","_VenueZip":"","_VenuePhone":"","_VenueURL":"","_VenueStateProvince":"","_VenueLat":"","_VenueLng":"","_VenueShowMap":false,"_VenueShowMapLink":false,"footnotes":""},"class_list":["post-1089","page","type-page","status-publish","hentry"],"_links":{"self":[{"href":"https:\/\/www.la-petite-vigne.fr\/index.php\/wp-json\/wp\/v2\/pages\/1089","targetHints":{"allow":["GET"]}}],"collection":[{"href":"https:\/\/www.la-petite-vigne.fr\/index.php\/wp-json\/wp\/v2\/pages"}],"about":[{"href":"https:\/\/www.la-petite-vigne.fr\/index.php\/wp-json\/wp\/v2\/types\/page"}],"author":[{"embeddable":true,"href":"https:\/\/www.la-petite-vigne.fr\/index.php\/wp-json\/wp\/v2\/users\/12"}],"replies":[{"embeddable":true,"href":"https:\/\/www.la-petite-vigne.fr\/index.php\/wp-json\/wp\/v2\/comments?post=1089"}],"version-history":[{"count":1,"href":"https:\/\/www.la-petite-vigne.fr\/index.php\/wp-json\/wp\/v2\/pages\/1089\/revisions"}],"predecessor-version":[{"id":1090,"href":"https:\/\/www.la-petite-vigne.fr\/index.php\/wp-json\/wp\/v2\/pages\/1089\/revisions\/1090"}],"wp:attachment":[{"href":"https:\/\/www.la-petite-vigne.fr\/index.php\/wp-json\/wp\/v2\/media?parent=1089"}],"curies":[{"name":"wp","href":"https:\/\/api.w.org\/{rel}","templated":true}]}}